{"id":117,"date":"2019-04-25T22:41:47","date_gmt":"2019-04-25T20:41:47","guid":{"rendered":"http:\/\/grannobilehotel.com.py\/lang\/br\/?page_id=117"},"modified":"2019-04-25T22:50:49","modified_gmt":"2019-04-25T20:50:49","slug":"turismo","status":"publish","type":"page","link":"https:\/\/grannobilehotel.com.py\/lang\/br\/turismo\/","title":{"rendered":"Turismo"},"content":{"rendered":"\t\t<div data-elementor-type=\"wp-post\" data-elementor-id=\"117\" class=\"elementor elementor-117\" data-elementor-post-type=\"page\">\n\t\t\t\t\t\t\t\t\t<section class=\"elementor-section elementor-top-section elementor-element elementor-element-78c0ae38 elementor-section-stretched elementor-section-full_width elementor-section-height-default elementor-section-height-default\" data-id=\"78c0ae38\" data-element_type=\"section\" data-settings=\"{&quot;stretch_section&quot;:&quot;section-stretched&quot;}\">\n\t\t\t\t\t\t<div class=\"elementor-container elementor-column-gap-default\">\n\t\t\t\t\t<div class=\"elementor-column elementor-col-100 elementor-top-column elementor-element elementor-element-7b2724fe\" data-id=\"7b2724fe\" data-element_type=\"column\">\n\t\t\t<div class=\"elementor-widget-wrap elementor-element-populated\">\n\t\t\t\t\t\t\t\t<div class=\"elementor-element elementor-element-6df54ccd elementor--h-position-center elementor--v-position-middle elementor-arrows-position-inside elementor-pagination-position-inside elementor-widget elementor-widget-slides\" data-id=\"6df54ccd\" data-element_type=\"widget\" data-settings=\"{&quot;navigation&quot;:&quot;both&quot;,&quot;autoplay&quot;:&quot;yes&quot;,&quot;pause_on_hover&quot;:&quot;yes&quot;,&quot;pause_on_interaction&quot;:&quot;yes&quot;,&quot;autoplay_speed&quot;:5000,&quot;infinite&quot;:&quot;yes&quot;,&quot;transition&quot;:&quot;slide&quot;,&quot;transition_speed&quot;:500}\" data-widget_type=\"slides.default\">\n\t\t\t\t<div class=\"elementor-widget-container\">\n\t\t\t\t\t<div class=\"elementor-swiper\">\n\t\t\t<div class=\"elementor-slides-wrapper elementor-main-swiper swiper-container\" dir=\"ltr\" data-animation=\"fadeInUp\">\n\t\t\t\t<div class=\"swiper-wrapper elementor-slides\">\n\t\t\t\t\t\t\t\t\t\t<div class=\"elementor-repeater-item-bbef349 swiper-slide\"><div class=\"swiper-slide-bg\" role=\"img\"><\/div><div class=\"swiper-slide-inner\" ><div class=\"swiper-slide-contents\"><\/div><\/div><\/div>\t\t\t\t<\/div>\n\t\t\t\t\t\t\t<\/div>\n\t\t<\/div>\n\t\t\t\t<\/div>\n\t\t\t\t<\/div>\n\t\t\t\t\t<\/div>\n\t\t<\/div>\n\t\t\t\t\t\t\t<\/div>\n\t\t<\/section>\n\t\t\t\t<section class=\"elementor-section elementor-top-section elementor-element elementor-element-4ccde442 elementor-section-boxed elementor-section-height-default elementor-section-height-default\" data-id=\"4ccde442\" data-element_type=\"section\">\n\t\t\t\t\t\t<div class=\"elementor-container elementor-column-gap-default\">\n\t\t\t\t\t<div class=\"elementor-column elementor-col-100 elementor-top-column elementor-element elementor-element-42e2dd1b\" data-id=\"42e2dd1b\" data-element_type=\"column\">\n\t\t\t<div class=\"elementor-widget-wrap elementor-element-populated\">\n\t\t\t\t\t\t\t\t<div class=\"elementor-element elementor-element-7ef34155 elementor-widget elementor-widget-spacer\" data-id=\"7ef34155\" data-element_type=\"widget\" data-widget_type=\"spacer.default\">\n\t\t\t\t<div class=\"elementor-widget-container\">\n\t\t\t\t\t<div class=\"elementor-spacer\">\n\t\t\t<div class=\"elementor-spacer-inner\"><\/div>\n\t\t<\/div>\n\t\t\t\t<\/div>\n\t\t\t\t<\/div>\n\t\t\t\t\t<\/div>\n\t\t<\/div>\n\t\t\t\t\t\t\t<\/div>\n\t\t<\/section>\n\t\t\t\t<section class=\"elementor-section elementor-top-section elementor-element elementor-element-29f3aaa4 elementor-section-boxed elementor-section-height-default elementor-section-height-default\" data-id=\"29f3aaa4\" data-element_type=\"section\">\n\t\t\t\t\t\t<div class=\"elementor-container elementor-column-gap-default\">\n\t\t\t\t\t<div class=\"elementor-column elementor-col-100 elementor-top-column elementor-element elementor-element-49ab8f4\" data-id=\"49ab8f4\" data-element_type=\"column\">\n\t\t\t<div class=\"elementor-widget-wrap elementor-element-populated\">\n\t\t\t\t\t\t\t\t<div class=\"elementor-element elementor-element-7a864266 elementor-widget elementor-widget-heading\" data-id=\"7a864266\" data-element_type=\"widget\" data-widget_type=\"heading.default\">\n\t\t\t\t<div class=\"elementor-widget-container\">\n\t\t\t<h2 class=\"elementor-heading-title elementor-size-default\">TURISMO<\/h2>\t\t<\/div>\n\t\t\t\t<\/div>\n\t\t\t\t\t<\/div>\n\t\t<\/div>\n\t\t\t\t\t\t\t<\/div>\n\t\t<\/section>\n\t\t\t\t<section class=\"elementor-section elementor-top-section elementor-element elementor-element-6cfe3724 elementor-section-boxed elementor-section-height-default elementor-section-height-default\" data-id=\"6cfe3724\" data-element_type=\"section\">\n\t\t\t\t\t\t<div class=\"elementor-container elementor-column-gap-default\">\n\t\t\t\t\t<div class=\"elementor-column elementor-col-100 elementor-top-column elementor-element elementor-element-39499a5a\" data-id=\"39499a5a\" data-element_type=\"column\">\n\t\t\t<div class=\"elementor-widget-wrap elementor-element-populated\">\n\t\t\t\t\t\t\t\t<div class=\"elementor-element elementor-element-3004a7d9 elementor-widget elementor-widget-text-editor\" data-id=\"3004a7d9\" data-element_type=\"widget\" data-widget_type=\"text-editor.default\">\n\t\t\t\t<div class=\"elementor-widget-container\">\n\t\t\t\t\t\t\t<div id=\"comp-js0t38i1\" class=\"txtNew\" data-packed=\"true\"><p style=\"text-align: center;\">A tr\u00edplice fronteira e seus m\u00faltiplos encantos a um s\u00f3 passo.<\/p><p style=\"text-align: center;\">Durante a sua estadia, voc\u00ea tem a possibilidade de aproveitar o melhor da tr\u00edplice fronteira e seu multiculturalismo em uma regi\u00e3o \u00fanica no mundo.<\/p><p style=\"text-align: center;\">Foz do Igua\u00e7u, Brasil e Porto Igua\u00e7u, na Argentina, com suas majestosas Cataratas, uma das Sete Maravilhas Naturais do Mundo, est\u00e1 a somente 30 km do nosso hotel. \u00c9 um passeio obrigat\u00f3rio para os turistas. E nessas cidades tamb\u00e9m e poss\u00edvel encontrar o melhor da gastronomia t\u00edpica.<\/p><p style=\"text-align: center;\">Em Cidade do Leste, al\u00e9m de percorrer seus famosos shoppings, \u00e9 poss\u00edvel se deleitar com atra\u00e7\u00f5es como o Museu 3D e as Cataratas do Monday, com acesso exclusivo, onde o habitat dos p\u00e1ssaros andorinh\u00e3o continuam intactos. A imponente barragem da hidroel\u00e9trica de Itaipu, que \u00e9 a maior produtora de energia limpa do mundo, constitui um circuito tur\u00edstico de import\u00e2ncia.<\/p><p style=\"text-align: center;\">Outros lugares de interesses que podem ser visitados: o Lago da Republica, o Lago Acaray, Lago Igua\u00e7u e a Catedral de S\u00e3o Blas.<\/p><\/div>\t\t\t\t\t\t<\/div>\n\t\t\t\t<\/div>\n\t\t\t\t\t<\/div>\n\t\t<\/div>\n\t\t\t\t\t\t\t<\/div>\n\t\t<\/section>\n\t\t\t\t<section class=\"elementor-section elementor-top-section elementor-element elementor-element-4a54fcac elementor-section-boxed elementor-section-height-default elementor-section-height-default\" data-id=\"4a54fcac\" data-element_type=\"section\">\n\t\t\t\t\t\t<div class=\"elementor-container elementor-column-gap-default\">\n\t\t\t\t\t<div class=\"elementor-column elementor-col-100 elementor-top-column elementor-element elementor-element-605e4b2e\" data-id=\"605e4b2e\" data-element_type=\"column\">\n\t\t\t<div class=\"elementor-widget-wrap elementor-element-populated\">\n\t\t\t\t\t\t\t\t<div class=\"elementor-element elementor-element-72865c96 elementor-widget elementor-widget-heading\" data-id=\"72865c96\" data-element_type=\"widget\" data-widget_type=\"heading.default\">\n\t\t\t\t<div class=\"elementor-widget-container\">\n\t\t\t<h4 class=\"elementor-heading-title elementor-size-default\">DISTANCIAS<\/h4>\t\t<\/div>\n\t\t\t\t<\/div>\n\t\t\t\t<section class=\"elementor-section elementor-inner-section elementor-element elementor-element-5411b1bd elementor-section-boxed elementor-section-height-default elementor-section-height-default\" data-id=\"5411b1bd\" data-element_type=\"section\">\n\t\t\t\t\t\t<div class=\"elementor-container elementor-column-gap-default\">\n\t\t\t\t\t<div class=\"elementor-column elementor-col-50 elementor-inner-column elementor-element elementor-element-7697f606\" data-id=\"7697f606\" data-element_type=\"column\">\n\t\t\t<div class=\"elementor-widget-wrap elementor-element-populated\">\n\t\t\t\t\t\t\t\t<div class=\"elementor-element elementor-element-40e297d6 elementor-widget elementor-widget-text-editor\" data-id=\"40e297d6\" data-element_type=\"widget\" data-widget_type=\"text-editor.default\">\n\t\t\t\t<div class=\"elementor-widget-container\">\n\t\t\t\t\t\t\t<p class=\"MsoNormal\" style=\"text-align: right;\"><span lang=\"PT-BR\">PARADA DE BUS URBANO:<\/span><\/p><p class=\"MsoNormal\" style=\"text-align: right;\"><span lang=\"PT-BR\">TERMINAL DE OMNIBUS KM7:<\/span><\/p><p class=\"MsoNormal\" style=\"text-align: right;\"><span lang=\"ES-PY\">AEROPUERTO GUARAN\u00cd:<\/span><\/p><p class=\"MsoNormal\" style=\"text-align: right;\"><span lang=\"ES-PY\">CENTRO \u2013 SHOPPINGS:<\/span><\/p><p class=\"MsoNormal\" style=\"text-align: right;\"><span lang=\"ES-PY\">LAGO DE LA REPUBLICA:<\/span><\/p><p class=\"MsoNormal\" style=\"text-align: right;\"><span lang=\"ES-PY\">PUENTE DE LA AMISTAD:<\/span><\/p><p class=\"MsoNormal\" style=\"text-align: right;\"><span lang=\"ES-PY\">SALTOS DEL MONDAY:<\/span><\/p><p class=\"MsoNormal\" style=\"text-align: right;\"><span lang=\"ES-PY\">CATEDRAL SAN BLAS:<\/span><\/p><p class=\"MsoNormal\" style=\"text-align: right;\"><span lang=\"PT-BR\">MESQUITA \u00c0RABE:<\/span><\/p><p class=\"MsoNormal\" style=\"text-align: right;\"><span lang=\"PT-BR\">HIDROEL\u00c9CTRICA ITAIP\u00da:<\/span><\/p><p class=\"MsoNormal\" style=\"text-align: right;\"><span lang=\"PT-BR\">MONUMENTO MOIS\u00c9S BERTONI:<\/span><\/p><p class=\"MsoNormal\" style=\"text-align: right;\"><span lang=\"ES-PY\">FOZ DE IGUAZ\u00da:<\/span><\/p><p class=\"MsoNormal\" style=\"text-align: right;\"><span lang=\"ES-PY\">PUERTO IGUAZ\u00da:<\/span><\/p>\t\t\t\t\t\t<\/div>\n\t\t\t\t<\/div>\n\t\t\t\t\t<\/div>\n\t\t<\/div>\n\t\t\t\t<div class=\"elementor-column elementor-col-50 elementor-inner-column elementor-element elementor-element-57e8bb91\" data-id=\"57e8bb91\" data-element_type=\"column\">\n\t\t\t<div class=\"elementor-widget-wrap elementor-element-populated\">\n\t\t\t\t\t\t\t\t<div class=\"elementor-element elementor-element-7d129b0 elementor-widget elementor-widget-text-editor\" data-id=\"7d129b0\" data-element_type=\"widget\" data-widget_type=\"text-editor.default\">\n\t\t\t\t<div class=\"elementor-widget-container\">\n\t\t\t\t\t\t\t<p>0,2 km<\/p><p>0,2 km<\/p><p>21,4 km<\/p><p>6 km<\/p><p>6,5 km<\/p><p>7,1 km<\/p><p>10,6 km<\/p><p>6,9 km<\/p><p>6,1 km<\/p><p>17 km<\/p><p>30,2 km<\/p><p>9 km<\/p><p>24,8 km<\/p>\t\t\t\t\t\t<\/div>\n\t\t\t\t<\/div>\n\t\t\t\t\t<\/div>\n\t\t<\/div>\n\t\t\t\t\t\t\t<\/div>\n\t\t<\/section>\n\t\t\t\t<div class=\"elementor-element elementor-element-355b911e elementor-widget elementor-widget-spacer\" data-id=\"355b911e\" data-element_type=\"widget\" data-widget_type=\"spacer.default\">\n\t\t\t\t<div class=\"elementor-widget-container\">\n\t\t\t\t\t<div class=\"elementor-spacer\">\n\t\t\t<div class=\"elementor-spacer-inner\"><\/div>\n\t\t<\/div>\n\t\t\t\t<\/div>\n\t\t\t\t<\/div>\n\t\t\t\t\t<\/div>\n\t\t<\/div>\n\t\t\t\t\t\t\t<\/div>\n\t\t<\/section>\n\t\t\t\t\t\t\t<\/div>\n\t\t","protected":false},"excerpt":{"rendered":"<p>TURISMO A tr\u00edplice fronteira e seus m\u00faltiplos encantos a um s\u00f3 passo. Durante a sua estadia, voc\u00ea tem a possibilidade de aproveitar o melhor da tr\u00edplice fronteira e seu multiculturalismo em uma regi\u00e3o \u00fanica no mundo. Foz do Igua\u00e7u, Brasil &hellip; <a href=\"https:\/\/grannobilehotel.com.py\/lang\/br\/turismo\/\">Continue reading <span class=\"meta-nav\">&rarr;<\/span><\/a><\/p>\n","protected":false},"author":1,"featured_media":0,"parent":0,"menu_order":0,"comment_status":"closed","ping_status":"closed","template":"onecolumn-page.php","meta":{"footnotes":""},"_links":{"self":[{"href":"https:\/\/grannobilehotel.com.py\/lang\/br\/wp-json\/wp\/v2\/pages\/117"}],"collection":[{"href":"https:\/\/grannobilehotel.com.py\/lang\/br\/wp-json\/wp\/v2\/pages"}],"about":[{"href":"https:\/\/grannobilehotel.com.py\/lang\/br\/wp-json\/wp\/v2\/types\/page"}],"author":[{"embeddable":true,"href":"https:\/\/grannobilehotel.com.py\/lang\/br\/wp-json\/wp\/v2\/users\/1"}],"replies":[{"embeddable":true,"href":"https:\/\/grannobilehotel.com.py\/lang\/br\/wp-json\/wp\/v2\/comments?post=117"}],"version-history":[{"count":3,"href":"https:\/\/grannobilehotel.com.py\/lang\/br\/wp-json\/wp\/v2\/pages\/117\/revisions"}],"predecessor-version":[{"id":132,"href":"https:\/\/grannobilehotel.com.py\/lang\/br\/wp-json\/wp\/v2\/pages\/117\/revisions\/132"}],"wp:attachment":[{"href":"https:\/\/grannobilehotel.com.py\/lang\/br\/wp-json\/wp\/v2\/media?parent=117"}],"curies":[{"name":"wp","href":"https:\/\/api.w.org\/{rel}","templated":true}]}}